{"id":79,"date":"2023-01-04T18:41:22","date_gmt":"2023-01-04T17:41:22","guid":{"rendered":"https:\/\/lebazarahistoires.com\/?page_id=79"},"modified":"2023-12-19T21:39:13","modified_gmt":"2023-12-19T20:39:13","slug":"ateliers-et-spectacles","status":"publish","type":"page","link":"https:\/\/lebazarahistoires.com\/index.php\/ateliers-et-spectacles\/","title":{"rendered":"Ateliers"},"content":{"rendered":"<p>Nous animons au sein de la Compagnie du Chapeau Magique des ateliers pour les scolaires ou dans les Conservatoires et \u00c9coles de Musique. Petite galerie de nos exp\u00e9riences pass\u00e9es, \u00e0 Clichy-sous-Bois (93), Saint-Gratien (95) et Montmagny (95).<\/p><div class=\"wp-block-jetpack-tiled-gallery aligncenter is-style-columns\"><div class=\"tiled-gallery__gallery\"><div class=\"tiled-gallery__row\"><div class=\"tiled-gallery__col\" style=\"flex-basis:19.04208%\"><figure class=\"tiled-gallery__item\"><img decoding=\"async\" srcset=\"https:\/\/i0.wp.com\/lebazarahistoires.com\/wp-content\/uploads\/2022\/07\/Conservatoire-Repetition-2-1024x768.jpg?strip=info&#038;w=600&#038;ssl=1 600w,https:\/\/i0.wp.com\/lebazarahistoires.com\/wp-content\/uploads\/2022\/07\/Conservatoire-Repetition-2-1024x768.jpg?strip=info&#038;w=900&#038;ssl=1 900w,https:\/\/i0.wp.com\/lebazarahistoires.com\/wp-content\/uploads\/2022\/07\/Conservatoire-Repetition-2-1024x768.jpg?strip=info&#038;w=1200&#038;ssl=1 1200w,https:\/\/i0.wp.com\/lebazarahistoires.com\/wp-content\/uploads\/2022\/07\/Conservatoire-Repetition-2-1024x768.jpg?strip=info&#038;w=1500&#038;ssl=1 1500w,https:\/\/i0.wp.com\/lebazarahistoires.com\/wp-content\/uploads\/2022\/07\/Conservatoire-Repetition-2-1024x768.jpg?strip=info&#038;w=1600&#038;ssl=1 1600w\" alt=\"\" data-height=\"1200\" data-id=\"83\" data-link=\"https:\/\/lebazarahistoires.com\/?attachment_id=83\" data-url=\"https:\/\/lebazarahistoires.com\/wp-content\/uploads\/2022\/07\/Conservatoire-Repetition-2-1024x768.jpg\" data-width=\"1600\" src=\"https:\/\/i0.wp.com\/lebazarahistoires.com\/wp-content\/uploads\/2022\/07\/Conservatoire-Repetition-2-1024x768.jpg?ssl=1\" data-amp-layout=\"responsive\"\/><\/figure><figure class=\"tiled-gallery__item\"><img decoding=\"async\" srcset=\"https:\/\/i0.wp.com\/lebazarahistoires.com\/wp-content\/uploads\/2022\/07\/WhatsApp-Image-2022-07-16-at-19.01.31-1024x768.jpeg?strip=info&#038;w=600&#038;ssl=1 600w,https:\/\/i0.wp.com\/lebazarahistoires.com\/wp-content\/uploads\/2022\/07\/WhatsApp-Image-2022-07-16-at-19.01.31-1024x768.jpeg?strip=info&#038;w=900&#038;ssl=1 900w,https:\/\/i0.wp.com\/lebazarahistoires.com\/wp-content\/uploads\/2022\/07\/WhatsApp-Image-2022-07-16-at-19.01.31-1024x768.jpeg?strip=info&#038;w=1200&#038;ssl=1 1200w,https:\/\/i0.wp.com\/lebazarahistoires.com\/wp-content\/uploads\/2022\/07\/WhatsApp-Image-2022-07-16-at-19.01.31-1024x768.jpeg?strip=info&#038;w=1500&#038;ssl=1 1500w,https:\/\/i0.wp.com\/lebazarahistoires.com\/wp-content\/uploads\/2022\/07\/WhatsApp-Image-2022-07-16-at-19.01.31-1024x768.jpeg?strip=info&#038;w=1599&#038;ssl=1 1599w\" alt=\"\" data-height=\"1200\" data-id=\"82\" data-link=\"https:\/\/lebazarahistoires.com\/?attachment_id=82\" data-url=\"https:\/\/lebazarahistoires.com\/wp-content\/uploads\/2022\/07\/WhatsApp-Image-2022-07-16-at-19.01.31-1024x768.jpeg\" data-width=\"1599\" src=\"https:\/\/i0.wp.com\/lebazarahistoires.com\/wp-content\/uploads\/2022\/07\/WhatsApp-Image-2022-07-16-at-19.01.31-1024x768.jpeg?ssl=1\" data-amp-layout=\"responsive\"\/><\/figure><\/div><div class=\"tiled-gallery__col\" style=\"flex-basis:38.41867%\"><figure class=\"tiled-gallery__item\"><img decoding=\"async\" srcset=\"https:\/\/i0.wp.com\/lebazarahistoires.com\/wp-content\/uploads\/2022\/07\/St-Gratien1-1024x768.jpg?strip=info&#038;w=600&#038;ssl=1 600w,https:\/\/i0.wp.com\/lebazarahistoires.com\/wp-content\/uploads\/2022\/07\/St-Gratien1-1024x768.jpg?strip=info&#038;w=900&#038;ssl=1 900w,https:\/\/i0.wp.com\/lebazarahistoires.com\/wp-content\/uploads\/2022\/07\/St-Gratien1-1024x768.jpg?strip=info&#038;w=1200&#038;ssl=1 1200w,https:\/\/i0.wp.com\/lebazarahistoires.com\/wp-content\/uploads\/2022\/07\/St-Gratien1-1024x768.jpg?strip=info&#038;w=1500&#038;ssl=1 1500w,https:\/\/i0.wp.com\/lebazarahistoires.com\/wp-content\/uploads\/2022\/07\/St-Gratien1-1024x768.jpg?strip=info&#038;w=1599&#038;ssl=1 1599w\" alt=\"\" data-height=\"1200\" data-id=\"81\" data-link=\"https:\/\/lebazarahistoires.com\/?attachment_id=81\" data-url=\"https:\/\/lebazarahistoires.com\/wp-content\/uploads\/2022\/07\/St-Gratien1-1024x768.jpg\" data-width=\"1599\" src=\"https:\/\/i0.wp.com\/lebazarahistoires.com\/wp-content\/uploads\/2022\/07\/St-Gratien1-1024x768.jpg?ssl=1\" data-amp-layout=\"responsive\"\/><\/figure><\/div><div class=\"tiled-gallery__col\" style=\"flex-basis:42.53925%\"><figure class=\"tiled-gallery__item\"><img decoding=\"async\" srcset=\"https:\/\/i2.wp.com\/lebazarahistoires.com\/wp-content\/uploads\/2023\/09\/spectacle-Montmagny.jpg?strip=info&#038;w=600&#038;ssl=1 600w,https:\/\/i2.wp.com\/lebazarahistoires.com\/wp-content\/uploads\/2023\/09\/spectacle-Montmagny.jpg?strip=info&#038;w=750&#038;ssl=1 750w\" alt=\"\" data-height=\"508\" data-id=\"161\" data-link=\"https:\/\/lebazarahistoires.com\/?attachment_id=161\" data-url=\"https:\/\/lebazarahistoires.com\/wp-content\/uploads\/2023\/09\/spectacle-Montmagny.jpg\" data-width=\"750\" src=\"https:\/\/i2.wp.com\/lebazarahistoires.com\/wp-content\/uploads\/2023\/09\/spectacle-Montmagny.jpg?ssl=1\" data-amp-layout=\"responsive\"\/><\/figure><\/div><\/div><\/div><\/div><p><\/p><p>Nous proposons aussi des animations autour du livre et de la lecture, des arts plastiques ou du th\u00e9\u00e2tre. Petite galerie de nos exp\u00e9riences pass\u00e9es en Centre Socioculturel : Centre Socioculturel des Hauts de Gagny (93), animation \u00ab\u00a0Lecture en famille\u00a0\u00bb, en partenariat avec la CAF, et le concours de la Bib (Biblioth\u00e8que de Clichy-sous-Bois) en novembre et d\u00e9cembre 2023.<\/p><figure class=\"wp-block-gallery has-nested-images columns-default is-cropped wp-block-gallery-1 is-layout-flex wp-block-gallery-is-layout-flex\"><figure class=\"wp-block-image size-large\"><img loading=\"lazy\" decoding=\"async\" width=\"576\" height=\"1024\" data-id=\"232\" src=\"https:\/\/lebazarahistoires.com\/wp-content\/uploads\/2023\/12\/Atelier-Lecture-en-Famille21-576x1024.jpg\" alt=\"\" class=\"wp-image-232\" srcset=\"https:\/\/lebazarahistoires.com\/wp-content\/uploads\/2023\/12\/Atelier-Lecture-en-Famille21-576x1024.jpg 576w, https:\/\/lebazarahistoires.com\/wp-content\/uploads\/2023\/12\/Atelier-Lecture-en-Famille21-169x300.jpg 169w, https:\/\/lebazarahistoires.com\/wp-content\/uploads\/2023\/12\/Atelier-Lecture-en-Famille21-768x1365.jpg 768w, https:\/\/lebazarahistoires.com\/wp-content\/uploads\/2023\/12\/Atelier-Lecture-en-Famille21-864x1536.jpg 864w, https:\/\/lebazarahistoires.com\/wp-content\/uploads\/2023\/12\/Atelier-Lecture-en-Famille21-600x1067.jpg 600w, https:\/\/lebazarahistoires.com\/wp-content\/uploads\/2023\/12\/Atelier-Lecture-en-Famille21.jpg 1152w\" sizes=\"auto, (max-width: 576px) 100vw, 576px\" \/><\/figure>\n\n<figure class=\"wp-block-image size-large\"><img loading=\"lazy\" decoding=\"async\" width=\"1024\" height=\"768\" data-id=\"233\" src=\"https:\/\/lebazarahistoires.com\/wp-content\/uploads\/2023\/12\/Atelier-Lecture-en-FamilleMorin11.jpg\" alt=\"\" class=\"wp-image-233\" srcset=\"https:\/\/lebazarahistoires.com\/wp-content\/uploads\/2023\/12\/Atelier-Lecture-en-FamilleMorin11.jpg 1024w, https:\/\/lebazarahistoires.com\/wp-content\/uploads\/2023\/12\/Atelier-Lecture-en-FamilleMorin11-300x225.jpg 300w, https:\/\/lebazarahistoires.com\/wp-content\/uploads\/2023\/12\/Atelier-Lecture-en-FamilleMorin11-768x576.jpg 768w, https:\/\/lebazarahistoires.com\/wp-content\/uploads\/2023\/12\/Atelier-Lecture-en-FamilleMorin11-600x450.jpg 600w\" sizes=\"auto, (max-width: 1024px) 100vw, 1024px\" \/><\/figure>\n\n<figure class=\"wp-block-image size-large\"><img loading=\"lazy\" decoding=\"async\" width=\"473\" height=\"1024\" data-id=\"234\" src=\"https:\/\/lebazarahistoires.com\/wp-content\/uploads\/2023\/12\/Atelier-Lecture-en-FamilleMorin31-473x1024.jpg\" alt=\"\" class=\"wp-image-234\" srcset=\"https:\/\/lebazarahistoires.com\/wp-content\/uploads\/2023\/12\/Atelier-Lecture-en-FamilleMorin31-473x1024.jpg 473w, https:\/\/lebazarahistoires.com\/wp-content\/uploads\/2023\/12\/Atelier-Lecture-en-FamilleMorin31-139x300.jpg 139w, https:\/\/lebazarahistoires.com\/wp-content\/uploads\/2023\/12\/Atelier-Lecture-en-FamilleMorin31-709x1536.jpg 709w, https:\/\/lebazarahistoires.com\/wp-content\/uploads\/2023\/12\/Atelier-Lecture-en-FamilleMorin31-600x1299.jpg 600w, https:\/\/lebazarahistoires.com\/wp-content\/uploads\/2023\/12\/Atelier-Lecture-en-FamilleMorin31.jpg 739w\" sizes=\"auto, (max-width: 473px) 100vw, 473px\" \/><\/figure><\/figure>","protected":false},"excerpt":{"rendered":"<p>Nous animons au sein de la Compagnie du Chapeau Magique des ateliers pour les scolaires ou dans les Conservatoires et \u00c9coles de Musique. Petite galerie [&#8230;]<\/p>\n","protected":false},"author":2,"featured_media":0,"parent":0,"menu_order":0,"comment_status":"closed","ping_status":"closed","template":"","meta":{"footnotes":""},"class_list":["post-79","page","type-page","status-publish","hentry"],"jetpack_sharing_enabled":true,"_links":{"self":[{"href":"https:\/\/lebazarahistoires.com\/index.php\/wp-json\/wp\/v2\/pages\/79","targetHints":{"allow":["GET"]}}],"collection":[{"href":"https:\/\/lebazarahistoires.com\/index.php\/wp-json\/wp\/v2\/pages"}],"about":[{"href":"https:\/\/lebazarahistoires.com\/index.php\/wp-json\/wp\/v2\/types\/page"}],"author":[{"embeddable":true,"href":"https:\/\/lebazarahistoires.com\/index.php\/wp-json\/wp\/v2\/users\/2"}],"replies":[{"embeddable":true,"href":"https:\/\/lebazarahistoires.com\/index.php\/wp-json\/wp\/v2\/comments?post=79"}],"version-history":[{"count":6,"href":"https:\/\/lebazarahistoires.com\/index.php\/wp-json\/wp\/v2\/pages\/79\/revisions"}],"predecessor-version":[{"id":236,"href":"https:\/\/lebazarahistoires.com\/index.php\/wp-json\/wp\/v2\/pages\/79\/revisions\/236"}],"wp:attachment":[{"href":"https:\/\/lebazarahistoires.com\/index.php\/wp-json\/wp\/v2\/media?parent=79"}],"curies":[{"name":"wp","href":"https:\/\/api.w.org\/{rel}","templated":true}]}}