{"id":51,"date":"2022-04-19T13:25:32","date_gmt":"2022-04-19T11:25:32","guid":{"rendered":"http:\/\/lebazarahistoires.com\/?page_id=51"},"modified":"2023-09-06T15:56:28","modified_gmt":"2023-09-06T13:56:28","slug":"qui-sommes-nous","status":"publish","type":"page","link":"https:\/\/lebazarahistoires.com\/index.php\/qui-sommes-nous\/","title":{"rendered":"Qui sommes-nous ?"},"content":{"rendered":"<div class=\"wp-block-image\"><figure class=\"alignleft size-full is-resized\"><img loading=\"lazy\" decoding=\"async\" src=\"https:\/\/lebazarahistoires.com\/wp-content\/uploads\/2022\/04\/Sylviane.jpg\" alt=\"\" class=\"wp-image-52\" style=\"width:279px;height:394px\" width=\"279\" height=\"394\" srcset=\"https:\/\/lebazarahistoires.com\/wp-content\/uploads\/2022\/04\/Sylviane.jpg 322w, https:\/\/lebazarahistoires.com\/wp-content\/uploads\/2022\/04\/Sylviane-212x300.jpg 212w\" sizes=\"auto, (max-width: 279px) 100vw, 279px\" \/><\/figure><\/div><p class=\"has-text-align-justify has-black-color has-text-color\"><strong>Sylviane Diani \u00a0<br><\/strong>Quand ma fille \u00e9tait petite, je lui lisais des histoires puis petit \u00e0 petit, j\u2019ai commenc\u00e9 \u00e0 en inventer. \u00c7a lui plaisait tellement qu\u2019elle les donnait \u00e0 la ma\u00eetresse pour les lire aux autres enfants, m\u00eame si c\u2019\u00e9tait des brouillons plein de ratures. Un jour, la ma\u00eetresse demanda \u00e0 me parler et me montra mes histoires. Je me sentis g\u00ean\u00e9e de voir mes essais dans ses mains. Je ne voulais pas que quelqu\u2019un les voit dans cet \u00e9tat. Il y avait des fautes, des lignes supprim\u00e9es, des fl\u00e8ches, des ast\u00e9risques. Mais elle m\u2019a juste dit\u00a0: \u201c Vos histoires sont tr\u00e8s inventives. Pouvez-vous en faire d\u2019autres\u00a0? \u201d Mais j\u2019ai refus\u00e9 : je travaillais, je n\u2019avais pas assez de temps pour m\u2019y mettre s\u00e9rieusement. Cependant, je continuais \u00e0 griffonner des id\u00e9es de temps en temps. Puis \u00e0 la retraite, je fis la connaissance de C\u00e9line au conservatoire de musique. Depuis, j\u2019en suis \u00e0 cinq histoires. Les id\u00e9es fusent continuellement. Le quotidien alimente mon inspiration. Je suis partie et je ne m\u2019arr\u00eate plus\u00a0!<\/p><div class=\"wp-block-image\"><figure class=\"alignright size-full is-resized\"><img loading=\"lazy\" decoding=\"async\" src=\"https:\/\/lebazarahistoires.com\/wp-content\/uploads\/2022\/04\/Celine.jpg\" alt=\"\" class=\"wp-image-53\" style=\"width:304px;height:458px\" width=\"304\" height=\"458\" srcset=\"https:\/\/lebazarahistoires.com\/wp-content\/uploads\/2022\/04\/Celine.jpg 304w, https:\/\/lebazarahistoires.com\/wp-content\/uploads\/2022\/04\/Celine-199x300.jpg 199w\" sizes=\"auto, (max-width: 304px) 100vw, 304px\" \/><\/figure><\/div><p class=\"has-text-align-justify has-black-color has-text-color\"><strong>C\u00e9line Duperrier \u00a0<br><\/strong>Passionn\u00e9e depuis toujours par le dessin et l\u2019art, j\u2019ai dessin\u00e9 avant d\u2019avoir su \u00e9crire. A la maison, il y a toutes sortes de papier, car mon p\u00e8re travaille dans une imprimerie. Je veux devenir auteur-illustrateur, et puis je grandis, d\u2019autres horizons s\u2019ouvrent \u00e0 moi, et notamment la musique. Le dessin reste une passion. Huit ans de cours au Conservatoire de Gagny en dessin (Jean-Yves Pinet) puis gravure (Rudi M\u00fcnger) m\u2019ont permis d\u2019\u00e9largir ma gamme technique. L\u2019Ecole du Louvre m\u2019a ouvert et form\u00e9 l\u2019\u0153il, ainsi que des \u00e9changes r\u00e9guliers avec la plasticienne Annick Doideau. Enseignante en maternelle pendant quatorze ans \u00e0 Clichy-sous-Bois, le monde de l\u2019enfance et le rendez-vous avec la litt\u00e9rature de jeunesse font mon bonheur quotidien. En 2015, Le dessin me rattrape par le groupe des Croqueurs du Louvre, et s\u2019impose comme une \u00e9vidence dans mon existence en 2020, avec la rencontre de l\u2019auteure Sylviane Diani, et nos diff\u00e9rents projets dont <em>La M\u00e9lodie des Couleurs<\/em>, et son spectacle.<br><\/p>","protected":false},"excerpt":{"rendered":"<p>Sylviane Diani \u00a0Quand ma fille \u00e9tait petite, je lui lisais des histoires puis petit \u00e0 petit, j\u2019ai commenc\u00e9 \u00e0 en inventer. \u00c7a lui plaisait tellement [&#8230;]<\/p>\n","protected":false},"author":1,"featured_media":0,"parent":0,"menu_order":0,"comment_status":"closed","ping_status":"closed","template":"","meta":{"footnotes":""},"class_list":["post-51","page","type-page","status-publish","hentry"],"jetpack_sharing_enabled":true,"_links":{"self":[{"href":"https:\/\/lebazarahistoires.com\/index.php\/wp-json\/wp\/v2\/pages\/51","targetHints":{"allow":["GET"]}}],"collection":[{"href":"https:\/\/lebazarahistoires.com\/index.php\/wp-json\/wp\/v2\/pages"}],"about":[{"href":"https:\/\/lebazarahistoires.com\/index.php\/wp-json\/wp\/v2\/types\/page"}],"author":[{"embeddable":true,"href":"https:\/\/lebazarahistoires.com\/index.php\/wp-json\/wp\/v2\/users\/1"}],"replies":[{"embeddable":true,"href":"https:\/\/lebazarahistoires.com\/index.php\/wp-json\/wp\/v2\/comments?post=51"}],"version-history":[{"count":6,"href":"https:\/\/lebazarahistoires.com\/index.php\/wp-json\/wp\/v2\/pages\/51\/revisions"}],"predecessor-version":[{"id":123,"href":"https:\/\/lebazarahistoires.com\/index.php\/wp-json\/wp\/v2\/pages\/51\/revisions\/123"}],"wp:attachment":[{"href":"https:\/\/lebazarahistoires.com\/index.php\/wp-json\/wp\/v2\/media?parent=51"}],"curies":[{"name":"wp","href":"https:\/\/api.w.org\/{rel}","templated":true}]}}