{"id":355,"date":"2025-02-11T14:49:08","date_gmt":"2025-02-11T13:49:08","guid":{"rendered":"https:\/\/lebazarahistoires.com\/?page_id=355"},"modified":"2025-02-11T14:49:08","modified_gmt":"2025-02-11T13:49:08","slug":"flea-une-pupuce-a-paris","status":"publish","type":"page","link":"https:\/\/lebazarahistoires.com\/index.php\/flea-une-pupuce-a-paris\/","title":{"rendered":"Fl\u00e9a une pupuce \u00e0 Paris"},"content":{"rendered":"<p>Cette histoire est n\u00e9e gr\u00e2ce \u00e0 un projet de conte musical entre des professeurs du Conservatoire Gilbert-Klein de Clichy-sous-Bois et l&rsquo;auteur Sylviane Diani. Avec l&rsquo;implication du chef de l&rsquo;orchestre 2e Cycle Jean-Christophe Popielarz, de la cheffe de la chorale adulte et directrice Corinne Penhou\u00ebt, de l&rsquo;accompagnateur Lionel Cloarec, de la professeure de danse classique Virginie Prat, et bien s\u00fbr de leurs \u00e9l\u00e8ves, une repr\u00e9sentation sc\u00e9nique de cette histoire a \u00e9t\u00e9 donn\u00e9e pour la Nuit des Conservatoires 2025. Une illustratrice, C\u00e9line Duperrier, a dessin\u00e9 en temps r\u00e9el le fonds de sc\u00e8ne qui \u00e9tait projet\u00e9 sur \u00e9cran. Deux acteurs, Vanessa Le Moellic et Claude Cordier, ont assur\u00e9 le jeu sc\u00e9nique.<\/p><div class=\"wp-block-image\"><figure class=\"aligncenter size-full is-resized\"><img loading=\"lazy\" decoding=\"async\" width=\"595\" height=\"624\" src=\"https:\/\/lebazarahistoires.com\/wp-content\/uploads\/2025\/02\/pupuce-1a.jpg\" alt=\"\" class=\"wp-image-358\" style=\"width:463px;height:auto\" srcset=\"https:\/\/lebazarahistoires.com\/wp-content\/uploads\/2025\/02\/pupuce-1a.jpg 595w, https:\/\/lebazarahistoires.com\/wp-content\/uploads\/2025\/02\/pupuce-1a-286x300.jpg 286w\" sizes=\"auto, (max-width: 595px) 100vw, 595px\" \/><\/figure><\/div><p><strong>L&rsquo;histoire :<\/strong><\/p><p>Fl\u00e9a la puce, sur l&rsquo;\u00e9paule d&rsquo;une h\u00f4tesse pr\u00e9nomm\u00e9e Lucie, se prom\u00e8ne dans Paris pendant la F\u00eate de la Musique. Quelles rencontres fera-t-elle ?<\/p><p>Une histoire \u00e9crite par Sylviane Diani et illustr\u00e9e par Nathalie Le Vagueresse.<\/p><p><\/p>","protected":false},"excerpt":{"rendered":"<p>Cette histoire est n\u00e9e gr\u00e2ce \u00e0 un projet de conte musical entre des professeurs du Conservatoire Gilbert-Klein de Clichy-sous-Bois et l&rsquo;auteur Sylviane Diani. Avec l&rsquo;implication [&#8230;]<\/p>\n","protected":false},"author":2,"featured_media":0,"parent":0,"menu_order":0,"comment_status":"closed","ping_status":"closed","template":"","meta":{"footnotes":""},"class_list":["post-355","page","type-page","status-publish","hentry"],"jetpack_sharing_enabled":true,"_links":{"self":[{"href":"https:\/\/lebazarahistoires.com\/index.php\/wp-json\/wp\/v2\/pages\/355","targetHints":{"allow":["GET"]}}],"collection":[{"href":"https:\/\/lebazarahistoires.com\/index.php\/wp-json\/wp\/v2\/pages"}],"about":[{"href":"https:\/\/lebazarahistoires.com\/index.php\/wp-json\/wp\/v2\/types\/page"}],"author":[{"embeddable":true,"href":"https:\/\/lebazarahistoires.com\/index.php\/wp-json\/wp\/v2\/users\/2"}],"replies":[{"embeddable":true,"href":"https:\/\/lebazarahistoires.com\/index.php\/wp-json\/wp\/v2\/comments?post=355"}],"version-history":[{"count":2,"href":"https:\/\/lebazarahistoires.com\/index.php\/wp-json\/wp\/v2\/pages\/355\/revisions"}],"predecessor-version":[{"id":359,"href":"https:\/\/lebazarahistoires.com\/index.php\/wp-json\/wp\/v2\/pages\/355\/revisions\/359"}],"wp:attachment":[{"href":"https:\/\/lebazarahistoires.com\/index.php\/wp-json\/wp\/v2\/media?parent=355"}],"curies":[{"name":"wp","href":"https:\/\/api.w.org\/{rel}","templated":true}]}}