{"id":266,"date":"2024-02-01T14:58:33","date_gmt":"2024-02-01T13:58:33","guid":{"rendered":"https:\/\/lebazarahistoires.com\/?page_id=266"},"modified":"2024-03-29T18:23:10","modified_gmt":"2024-03-29T17:23:10","slug":"les-paves-dores-2","status":"publish","type":"page","link":"https:\/\/lebazarahistoires.com\/index.php\/les-paves-dores-2\/","title":{"rendered":"Les Pav\u00e9s Dor\u00e9s"},"content":{"rendered":"<p>Cr\u00e9er une histoire audio avec des chansons, voil\u00e0 un projet lanc\u00e9 en cours de MAO ( Musique assist\u00e9e par ordinateur) au conservatoire Gilbert-Klein \u00e0 Clichy-sous-Bois avec Gr\u00e9gory Demarsy et ses \u00e9l\u00e8ves.                                                                                     Cet album musical, <strong>Les Pav\u00e9s Dor\u00e9s<\/strong>, est n\u00e9 \u00e0 partir d&rsquo;une histoire \u00e9crite en 2022 par Sylviane Diani. KikiD en a fait les illustrations.<\/p><p><\/p><div class=\"wp-block-image\"><figure class=\"aligncenter size-full is-resized\"><img loading=\"lazy\" decoding=\"async\" width=\"828\" height=\"905\" src=\"https:\/\/lebazarahistoires.com\/wp-content\/uploads\/2024\/02\/IMG_2964.jpg\" alt=\"\" class=\"wp-image-278\" style=\"width:665px;height:auto\" srcset=\"https:\/\/lebazarahistoires.com\/wp-content\/uploads\/2024\/02\/IMG_2964.jpg 828w, https:\/\/lebazarahistoires.com\/wp-content\/uploads\/2024\/02\/IMG_2964-274x300.jpg 274w, https:\/\/lebazarahistoires.com\/wp-content\/uploads\/2024\/02\/IMG_2964-768x839.jpg 768w, https:\/\/lebazarahistoires.com\/wp-content\/uploads\/2024\/02\/IMG_2964-600x656.jpg 600w\" sizes=\"auto, (max-width: 828px) 100vw, 828px\" \/><\/figure><\/div><p><strong>L&rsquo;histoire :<\/strong> <\/p><p>Deux enfants, Lars et Olympe, vont traverser une for\u00eat pleine de surprises pour aller chez leur grand-m\u00e8re. Ils vont planter, moudre des grains de bl\u00e9 pour faire de la farine. Le C\u00e8dre, les Bl\u00e9s, le Moulin, les Cailloux et la Farine vont chanter leur chanson&#8230;<\/p><p>Nous remercions chaleureusement les personnes qui ont pr\u00eat\u00e9 leur voix pour l&rsquo;enregistrement de l&rsquo;histoire, ainsi que Gr\u00e9gory Demarsy et le Conservatoire Gilbert-Klein !<\/p><p>L&rsquo;histoire compl\u00e8te ainsi que toutes les chansons sont regroup\u00e9es dans les <span style=\"text-decoration: underline;\"><a href=\"https:\/\/lebazarahistoires.com\/index.php\/les-paves-dores\/\" data-type=\"link\" data-id=\"https:\/\/lebazarahistoires.com\/index.php\/les-paves-dores\/\">fichiers sons<\/a><\/span>.<\/p>","protected":false},"excerpt":{"rendered":"<p>Cr\u00e9er une histoire audio avec des chansons, voil\u00e0 un projet lanc\u00e9 en cours de MAO ( Musique assist\u00e9e par ordinateur) au conservatoire Gilbert-Klein \u00e0 Clichy-sous-Bois [&#8230;]<\/p>\n","protected":false},"author":2,"featured_media":0,"parent":0,"menu_order":0,"comment_status":"closed","ping_status":"closed","template":"","meta":{"footnotes":""},"class_list":["post-266","page","type-page","status-publish","hentry"],"jetpack_sharing_enabled":true,"_links":{"self":[{"href":"https:\/\/lebazarahistoires.com\/index.php\/wp-json\/wp\/v2\/pages\/266","targetHints":{"allow":["GET"]}}],"collection":[{"href":"https:\/\/lebazarahistoires.com\/index.php\/wp-json\/wp\/v2\/pages"}],"about":[{"href":"https:\/\/lebazarahistoires.com\/index.php\/wp-json\/wp\/v2\/types\/page"}],"author":[{"embeddable":true,"href":"https:\/\/lebazarahistoires.com\/index.php\/wp-json\/wp\/v2\/users\/2"}],"replies":[{"embeddable":true,"href":"https:\/\/lebazarahistoires.com\/index.php\/wp-json\/wp\/v2\/comments?post=266"}],"version-history":[{"count":6,"href":"https:\/\/lebazarahistoires.com\/index.php\/wp-json\/wp\/v2\/pages\/266\/revisions"}],"predecessor-version":[{"id":298,"href":"https:\/\/lebazarahistoires.com\/index.php\/wp-json\/wp\/v2\/pages\/266\/revisions\/298"}],"wp:attachment":[{"href":"https:\/\/lebazarahistoires.com\/index.php\/wp-json\/wp\/v2\/media?parent=266"}],"curies":[{"name":"wp","href":"https:\/\/api.w.org\/{rel}","templated":true}]}}