{"id":248,"date":"2024-02-01T14:49:24","date_gmt":"2024-02-01T13:49:24","guid":{"rendered":"https:\/\/lebazarahistoires.com\/?page_id=248"},"modified":"2024-03-26T14:15:04","modified_gmt":"2024-03-26T13:15:04","slug":"les-paves-dores","status":"publish","type":"page","link":"https:\/\/lebazarahistoires.com\/index.php\/les-paves-dores\/","title":{"rendered":"Les Pav\u00e9s Dor\u00e9s"},"content":{"rendered":"<p>Retrouvez ici l&rsquo;histoire audio et les chansons des diff\u00e9rents personnages. Bonne \u00e9coute !<\/p><figure class=\"wp-block-audio\"><audio controls src=\"https:\/\/lebazarahistoires.com\/wp-content\/uploads\/2024\/02\/LES-PAVES-DORES.mp3\"><\/audio><figcaption class=\"wp-element-caption\">Les Pav\u00e9s Dor\u00e9s (L&rsquo;histoire enti\u00e8re)<\/figcaption><\/figure><figure class=\"wp-block-audio\"><audio controls src=\"https:\/\/lebazarahistoires.com\/wp-content\/uploads\/2024\/02\/1-LE-VIEUX-CEDRE.mp3\"><\/audio><figcaption class=\"wp-element-caption\">Chanson \u00ab\u00a0Le vieux C\u00e8dre\u00a0\u00bb &#8211; p.9<\/figcaption><\/figure><figure class=\"wp-block-audio\"><audio controls src=\"https:\/\/lebazarahistoires.com\/wp-content\/uploads\/2024\/02\/2-LES-BLES.mp3\"><\/audio><figcaption class=\"wp-element-caption\">Chanson \u00ab\u00a0Les Bl\u00e9s\u00a0\u00bb &#8211; p.13<\/figcaption><\/figure><figure class=\"wp-block-audio\"><audio controls src=\"https:\/\/lebazarahistoires.com\/wp-content\/uploads\/2024\/02\/3-LE-MOULIN.mp3\"><\/audio><figcaption class=\"wp-element-caption\">Chanson \u00ab\u00a0Le Moulin\u00a0\u00bb &#8211; p.17<\/figcaption><\/figure><figure class=\"wp-block-audio\"><audio controls src=\"https:\/\/lebazarahistoires.com\/wp-content\/uploads\/2024\/02\/4-LES-CAILLOUX.mp3\"><\/audio><figcaption class=\"wp-element-caption\">Chanson \u00ab\u00a0Les Cailloux\u00a0\u00bb &#8211; p.21<\/figcaption><\/figure><figure class=\"wp-block-audio\"><audio controls src=\"https:\/\/lebazarahistoires.com\/wp-content\/uploads\/2024\/02\/5-LA-FARINE.mp3\"><\/audio><figcaption class=\"wp-element-caption\">Chanson \u00ab\u00a0La Farine\u00a0\u00bb &#8211; p.23<\/figcaption><\/figure><figure class=\"wp-block-audio\"><audio controls src=\"https:\/\/lebazarahistoires.com\/wp-content\/uploads\/2024\/02\/6-LA-VALSE.mp3\"><\/audio><figcaption class=\"wp-element-caption\">Morceau musical \u00ab\u00a0La Valse\u00a0\u00bb &#8211; p.29<\/figcaption><\/figure>","protected":false},"excerpt":{"rendered":"<p>Retrouvez ici l&rsquo;histoire audio et les chansons des diff\u00e9rents personnages. Bonne \u00e9coute !<\/p>\n","protected":false},"author":2,"featured_media":0,"parent":0,"menu_order":0,"comment_status":"closed","ping_status":"closed","template":"","meta":{"footnotes":""},"class_list":["post-248","page","type-page","status-publish","hentry"],"jetpack_sharing_enabled":true,"_links":{"self":[{"href":"https:\/\/lebazarahistoires.com\/index.php\/wp-json\/wp\/v2\/pages\/248","targetHints":{"allow":["GET"]}}],"collection":[{"href":"https:\/\/lebazarahistoires.com\/index.php\/wp-json\/wp\/v2\/pages"}],"about":[{"href":"https:\/\/lebazarahistoires.com\/index.php\/wp-json\/wp\/v2\/types\/page"}],"author":[{"embeddable":true,"href":"https:\/\/lebazarahistoires.com\/index.php\/wp-json\/wp\/v2\/users\/2"}],"replies":[{"embeddable":true,"href":"https:\/\/lebazarahistoires.com\/index.php\/wp-json\/wp\/v2\/comments?post=248"}],"version-history":[{"count":4,"href":"https:\/\/lebazarahistoires.com\/index.php\/wp-json\/wp\/v2\/pages\/248\/revisions"}],"predecessor-version":[{"id":291,"href":"https:\/\/lebazarahistoires.com\/index.php\/wp-json\/wp\/v2\/pages\/248\/revisions\/291"}],"wp:attachment":[{"href":"https:\/\/lebazarahistoires.com\/index.php\/wp-json\/wp\/v2\/media?parent=248"}],"curies":[{"name":"wp","href":"https:\/\/api.w.org\/{rel}","templated":true}]}}