{"id":202,"date":"2023-10-13T22:26:15","date_gmt":"2023-10-13T20:26:15","guid":{"rendered":"https:\/\/lebazarahistoires.com\/?page_id=202"},"modified":"2023-10-13T22:26:17","modified_gmt":"2023-10-13T20:26:17","slug":"bienvenue","status":"publish","type":"page","link":"https:\/\/lebazarahistoires.com\/","title":{"rendered":"Bienvenue !"},"content":{"rendered":"<p>Bienvenue sur notre site, d\u00e9di\u00e9 aux histoires, aux spectacles, et \u00e0 la musique ! N&rsquo;h\u00e9sitez pas \u00e0 farfouiller dans le menu du bazar !!!<\/p>","protected":false},"excerpt":{"rendered":"<p>Bienvenue sur notre site, d\u00e9di\u00e9 aux histoires, aux spectacles, et \u00e0 la musique ! N&rsquo;h\u00e9sitez pas \u00e0 farfouiller dans le menu du bazar !!!<\/p>\n","protected":false},"author":2,"featured_media":0,"parent":0,"menu_order":0,"comment_status":"closed","ping_status":"closed","template":"","meta":{"footnotes":""},"class_list":["post-202","page","type-page","status-publish","hentry"],"jetpack_sharing_enabled":true,"_links":{"self":[{"href":"https:\/\/lebazarahistoires.com\/index.php\/wp-json\/wp\/v2\/pages\/202","targetHints":{"allow":["GET"]}}],"collection":[{"href":"https:\/\/lebazarahistoires.com\/index.php\/wp-json\/wp\/v2\/pages"}],"about":[{"href":"https:\/\/lebazarahistoires.com\/index.php\/wp-json\/wp\/v2\/types\/page"}],"author":[{"embeddable":true,"href":"https:\/\/lebazarahistoires.com\/index.php\/wp-json\/wp\/v2\/users\/2"}],"replies":[{"embeddable":true,"href":"https:\/\/lebazarahistoires.com\/index.php\/wp-json\/wp\/v2\/comments?post=202"}],"version-history":[{"count":1,"href":"https:\/\/lebazarahistoires.com\/index.php\/wp-json\/wp\/v2\/pages\/202\/revisions"}],"predecessor-version":[{"id":203,"href":"https:\/\/lebazarahistoires.com\/index.php\/wp-json\/wp\/v2\/pages\/202\/revisions\/203"}],"wp:attachment":[{"href":"https:\/\/lebazarahistoires.com\/index.php\/wp-json\/wp\/v2\/media?parent=202"}],"curies":[{"name":"wp","href":"https:\/\/api.w.org\/{rel}","templated":true}]}}