{"id":190,"date":"2023-10-12T12:30:40","date_gmt":"2023-10-12T10:30:40","guid":{"rendered":"https:\/\/lebazarahistoires.com\/?page_id=190"},"modified":"2024-03-26T14:13:20","modified_gmt":"2024-03-26T13:13:20","slug":"fichiers-sons","status":"publish","type":"page","link":"https:\/\/lebazarahistoires.com\/index.php\/fichiers-sons\/","title":{"rendered":"La M\u00e9lodie des Couleurs"},"content":{"rendered":"<p>Pour les n\u00e9ophytes en musique, les enseignants, &#8230; voici les fichiers sons de l&rsquo;album !<\/p><p><strong>Le Do &#8211; rouge :<\/strong><\/p><p>Paroles : \u00ab\u00a0Avec \u00e7a, tu auras le do\u00a0\u00bb<\/p><figure class=\"wp-block-audio\"><audio controls src=\"https:\/\/lebazarahistoires.com\/wp-content\/uploads\/2023\/01\/01-1-Le-DO-rouge-chant-1.m4a\"><\/audio><figcaption class=\"wp-element-caption\">Le DO rouge, voix seule<\/figcaption><\/figure><figure class=\"wp-block-audio\"><audio controls src=\"https:\/\/lebazarahistoires.com\/wp-content\/uploads\/2023\/09\/01-2-Le-DO-flute.m4a\"><\/audio><figcaption class=\"wp-element-caption\">Le DO rouge, fl\u00fbte seule<\/figcaption><\/figure><figure class=\"wp-block-audio\"><audio controls src=\"https:\/\/lebazarahistoires.com\/wp-content\/uploads\/2023\/09\/01-3-Le-DO-Flute-et-chant.m4a\"><\/audio><figcaption class=\"wp-element-caption\">Le DO rouge, fl\u00fbte et chant<\/figcaption><\/figure><p><strong>Le R\u00e9 &#8211; orange<\/strong><\/p><p>Paroles : \u00ab\u00a0Le R\u00e9, c&rsquo;est une orang&rsquo; \u00e9pluch\u00e9e du whisky vers\u00e9, des p\u00e9tales de ros&rsquo; \u00e9crabouill\u00e9es \u00e9crabouill\u00e9es \u00e9crabouill\u00e9es \u00ab\u00a0<\/p><figure class=\"wp-block-audio\"><audio controls src=\"https:\/\/lebazarahistoires.com\/wp-content\/uploads\/2023\/01\/02-1-Le-RE-orange-chant.m4a\"><\/audio><figcaption class=\"wp-element-caption\">Le R\u00c9 orange, voix seule<\/figcaption><\/figure><figure class=\"wp-block-audio\"><audio controls src=\"https:\/\/lebazarahistoires.com\/wp-content\/uploads\/2023\/09\/02-2-Le-RE-orange-flute.m4a\"><\/audio><figcaption class=\"wp-element-caption\">Le R\u00c9 orange, fl\u00fbte seule<\/figcaption><\/figure><figure class=\"wp-block-audio\"><audio controls src=\"https:\/\/lebazarahistoires.com\/wp-content\/uploads\/2023\/09\/02-3-Le-RE-orange-flute-et-chant.m4a\"><\/audio><figcaption class=\"wp-element-caption\">Le R\u00c9 orange, fl\u00fbte et chant<\/figcaption><\/figure><p><strong>Le Mi &#8211; jaune<\/strong><\/p><p>Paroles : \u00ab\u00a0Pour fabriquer un Mi, Mi, prends des ongl&rsquo; de poulet, du thym du curry ! Do do do r\u00e9 r\u00e9 mi mi, il faut casser des \u0153ufs, et puis c&rsquo;est fini !\u00a0\u00bb<\/p><figure class=\"wp-block-audio\"><audio controls src=\"https:\/\/lebazarahistoires.com\/wp-content\/uploads\/2023\/01\/03-1-Le-MI-jaune-chant.m4a\"><\/audio><figcaption class=\"wp-element-caption\">Le MI jaune, voix seule<\/figcaption><\/figure><figure class=\"wp-block-audio\"><audio controls src=\"https:\/\/lebazarahistoires.com\/wp-content\/uploads\/2023\/09\/03-2-Le-MI-jaune-flute.m4a\"><\/audio><figcaption class=\"wp-element-caption\">Le MI jaune, fl\u00fbte seule<\/figcaption><\/figure><figure class=\"wp-block-audio\"><audio controls src=\"https:\/\/lebazarahistoires.com\/wp-content\/uploads\/2023\/09\/03-3-Le-MI-jaune-flute-et-chant.m4a\"><\/audio><figcaption class=\"wp-element-caption\">Le MI jaune, fl\u00fbte et chant<\/figcaption><\/figure><p><strong>Le Fa &#8211; vert<\/strong><\/p><p>Paroles: \u00ab\u00a0On va pas tourner en rond, rajouter dans le chaudron une gousse d&rsquo;ail, du jus de papaye, des feuilles d&rsquo;orties qui piquent : \u00e7a c&rsquo;est Fa !\u00a0\u00bb<\/p><figure class=\"wp-block-audio\"><audio controls src=\"https:\/\/lebazarahistoires.com\/wp-content\/uploads\/2023\/01\/04-1-Le-FA-vert-chant.m4a\"><\/audio><figcaption class=\"wp-element-caption\">Le FA vert, voix seule<\/figcaption><\/figure><figure class=\"wp-block-audio\"><audio controls src=\"https:\/\/lebazarahistoires.com\/wp-content\/uploads\/2023\/09\/04-2-Le-FA-vert-flute-seule.m4a\"><\/audio><figcaption class=\"wp-element-caption\">Le FA vert, fl\u00fbte seule<\/figcaption><\/figure><figure class=\"wp-block-audio\"><audio controls src=\"https:\/\/lebazarahistoires.com\/wp-content\/uploads\/2023\/09\/04-3-Le-FA-vert-flute-et-chant.m4a\"><\/audio><figcaption class=\"wp-element-caption\">Le FA vert, fl\u00fbte et chant<\/figcaption><\/figure><p><strong>Le Sol &#8211; bleu :<\/strong><\/p><p>Paroles : \u00ab\u00a0Myosotis et opales au fond d&rsquo; la cass&rsquo;role, broy\u00e9s, assaisonn\u00e9s, donneront le Sol.\u00a0\u00bb<\/p><figure class=\"wp-block-audio\"><audio controls src=\"https:\/\/lebazarahistoires.com\/wp-content\/uploads\/2023\/01\/05-1-Le-SOL-bleu-chant.m4a\"><\/audio><figcaption class=\"wp-element-caption\">Le SOL bleu, voix seule<\/figcaption><\/figure><figure class=\"wp-block-audio\"><audio controls src=\"https:\/\/lebazarahistoires.com\/wp-content\/uploads\/2023\/09\/WhatsApp-Audio-2023-09-08-at-15.53.022.m4a\"><\/audio><figcaption class=\"wp-element-caption\">Le SOL bleu, fl\u00fbte seule<\/figcaption><\/figure><figure class=\"wp-block-audio\"><audio controls src=\"https:\/\/lebazarahistoires.com\/wp-content\/uploads\/2023\/09\/05-3-Le-SOL-bleu-flute-et-chant.m4a\"><\/audio><figcaption class=\"wp-element-caption\">Le SOL bleu, fl\u00fbte et chant<\/figcaption><\/figure><p><strong>Le La &#8211; indigo<\/strong><\/p><p>Paroles : \u00ab\u00a0Gigot, girofles, orchid\u00e9es d&rsquo;Amazonie, patates pourries, je tap&rsquo; du pied et j&rsquo;obtiens le La !\u00a0\u00bb<\/p><figure class=\"wp-block-audio\"><audio controls src=\"https:\/\/lebazarahistoires.com\/wp-content\/uploads\/2023\/09\/06-1-le-LA-chant.m4a\"><\/audio><figcaption class=\"wp-element-caption\">le LA indigo, voix seule<\/figcaption><\/figure><figure class=\"wp-block-audio\"><audio controls src=\"https:\/\/lebazarahistoires.com\/wp-content\/uploads\/2023\/09\/06-2-Le-LA-indigo-flute.m4a\"><\/audio><figcaption class=\"wp-element-caption\">Le LA indigo, fl\u00fbte seule<\/figcaption><\/figure><figure class=\"wp-block-audio\"><audio controls src=\"https:\/\/lebazarahistoires.com\/wp-content\/uploads\/2023\/09\/06-3-Le-LA-indigo-chant-et-flute-1.m4a\"><\/audio><figcaption class=\"wp-element-caption\">Le LA indigo, chant et fl\u00fbte<\/figcaption><\/figure><p><strong>Le Si &#8211; violet :<\/strong><\/p><p>Paroles : \u00ab\u00a0Kangourou, violett&rsquo;, lilas mauv&rsquo;, poivr&rsquo; et sel, dans le chaudron rempli d&rsquo;eau je remue je cuis pour le Si !\u00a0\u00bb<\/p><figure class=\"wp-block-audio\"><audio controls src=\"https:\/\/lebazarahistoires.com\/wp-content\/uploads\/2023\/01\/07-1-Le-SI-violet-chant.m4a\"><\/audio><figcaption class=\"wp-element-caption\">Le SI violet, voix seule<\/figcaption><\/figure><figure class=\"wp-block-audio\"><audio controls src=\"https:\/\/lebazarahistoires.com\/wp-content\/uploads\/2023\/09\/07-2-Le-SI-flute.m4a\"><\/audio><figcaption class=\"wp-element-caption\">Le SI violet, fl\u00fbte seule<\/figcaption><\/figure><figure class=\"wp-block-audio\"><audio controls src=\"https:\/\/lebazarahistoires.com\/wp-content\/uploads\/2023\/09\/07-3-Le-SI-violet-flute-et-chant.m4a\"><\/audio><figcaption class=\"wp-element-caption\">Le SI violet, fl\u00fbte et chant<\/figcaption><\/figure><p><strong>La vague :<\/strong><\/p><p>Paroles : \u00ab\u00a0Do r\u00e9 mi fa sol la si do si la sol fa mi r\u00e9 do, avec les flacons d&rsquo; potions notre mond&rsquo; sera plus beau!\u00a0\u00bb<\/p><p><\/p><figure class=\"wp-block-audio\"><audio controls src=\"https:\/\/lebazarahistoires.com\/wp-content\/uploads\/2023\/09\/08-1-La-vague-chant.m4a\"><\/audio><figcaption class=\"wp-element-caption\">La vague, voix seule<\/figcaption><\/figure><figure class=\"wp-block-audio\"><audio controls src=\"https:\/\/lebazarahistoires.com\/wp-content\/uploads\/2023\/09\/08-2-La-vague-flute-seule.m4a\"><\/audio><figcaption class=\"wp-element-caption\">La vague, fl\u00fbte seule<\/figcaption><\/figure><figure class=\"wp-block-audio\"><audio controls src=\"https:\/\/lebazarahistoires.com\/wp-content\/uploads\/2023\/09\/08-3-La-vague-flute-et-chant.m4a\"><\/audio><figcaption class=\"wp-element-caption\">La vague, fl\u00fbte et chant<\/figcaption><\/figure><p><strong>Bouteilles de Lumi\u00e8re<\/strong><\/p><p>Paroles : \u00a0\u00bb Bouteilles de lumi\u00e8res, c&rsquo;est \u00e0 travers le verre, que soudain se r\u00e9v\u00e8le le chant de l&rsquo;arc-en-ciel.\u00a0\u00bb<\/p><figure class=\"wp-block-audio\"><audio controls src=\"https:\/\/lebazarahistoires.com\/wp-content\/uploads\/2023\/09\/Bouteilles-de-Lumiere-voix-seule.m4a\"><\/audio><figcaption class=\"wp-element-caption\">Bouteilles de Lumi\u00e8re, voix seule<\/figcaption><\/figure><figure class=\"wp-block-audio\"><audio controls src=\"https:\/\/lebazarahistoires.com\/wp-content\/uploads\/2023\/09\/Bouteilles-de-Lumiere-duo-flute.m4a\"><\/audio><figcaption class=\"wp-element-caption\">Bouteilles de Lumi\u00e8re, canon \u00e0 deux fl\u00fbtes<\/figcaption><\/figure><figure class=\"wp-block-audio\"><audio controls src=\"https:\/\/lebazarahistoires.com\/wp-content\/uploads\/2023\/09\/09-5-Bouteilles-de-Lumieres-chant-canon.m4a\"><\/audio><figcaption class=\"wp-element-caption\">Bouteilles de Lumi\u00e8re, chant canon<\/figcaption><\/figure>","protected":false},"excerpt":{"rendered":"<p>Pour les n\u00e9ophytes en musique, les enseignants, &#8230; voici les fichiers sons de l&rsquo;album ! Le Do &#8211; rouge : Paroles : \u00ab\u00a0Avec \u00e7a, tu [&#8230;]<\/p>\n","protected":false},"author":2,"featured_media":0,"parent":0,"menu_order":0,"comment_status":"closed","ping_status":"closed","template":"","meta":{"footnotes":""},"class_list":["post-190","page","type-page","status-publish","hentry"],"jetpack_sharing_enabled":true,"_links":{"self":[{"href":"https:\/\/lebazarahistoires.com\/index.php\/wp-json\/wp\/v2\/pages\/190","targetHints":{"allow":["GET"]}}],"collection":[{"href":"https:\/\/lebazarahistoires.com\/index.php\/wp-json\/wp\/v2\/pages"}],"about":[{"href":"https:\/\/lebazarahistoires.com\/index.php\/wp-json\/wp\/v2\/types\/page"}],"author":[{"embeddable":true,"href":"https:\/\/lebazarahistoires.com\/index.php\/wp-json\/wp\/v2\/users\/2"}],"replies":[{"embeddable":true,"href":"https:\/\/lebazarahistoires.com\/index.php\/wp-json\/wp\/v2\/comments?post=190"}],"version-history":[{"count":3,"href":"https:\/\/lebazarahistoires.com\/index.php\/wp-json\/wp\/v2\/pages\/190\/revisions"}],"predecessor-version":[{"id":289,"href":"https:\/\/lebazarahistoires.com\/index.php\/wp-json\/wp\/v2\/pages\/190\/revisions\/289"}],"wp:attachment":[{"href":"https:\/\/lebazarahistoires.com\/index.php\/wp-json\/wp\/v2\/media?parent=190"}],"curies":[{"name":"wp","href":"https:\/\/api.w.org\/{rel}","templated":true}]}}