{"id":164,"date":"2023-10-03T13:49:19","date_gmt":"2023-10-03T11:49:19","guid":{"rendered":"https:\/\/lebazarahistoires.com\/?page_id=164"},"modified":"2023-12-19T21:58:36","modified_gmt":"2023-12-19T20:58:36","slug":"la-melodie-des-couleurs","status":"publish","type":"page","link":"https:\/\/lebazarahistoires.com\/index.php\/la-melodie-des-couleurs\/","title":{"rendered":"La M\u00e9lodie des Couleurs"},"content":{"rendered":"<p>Une histoire autour de la musique, une demande pour un spectacle avec les classes de Formation Musicale et Orchestre Premier Cycle, voil\u00e0 le point de d\u00e9part. Cet album, <strong>La M\u00e9lodie des Couleurs<\/strong>, est n\u00e9 de notre rencontre au <br>Conservatoire Gilbert- Klein de Clichy-sous-Bois, et plus particuli\u00e8rement \u00e0 la suite de notre participation commune au projet de la compagnie de funambulistes <em>Basinga<\/em> dans le cadre des <em>Ateliers M\u00e9dicis <\/em>en juillet 2021.<\/p><div class=\"wp-block-image\"><figure class=\"aligncenter size-full is-resized\"><img loading=\"lazy\" decoding=\"async\" width=\"568\" height=\"569\" src=\"https:\/\/lebazarahistoires.com\/wp-content\/uploads\/2023\/12\/couv_site3.jpg\" alt=\"La couverture de l'album montre Tara, une elfe adulte, et sa ni\u00e8ce Aurore, qui porte Crapaud sur sa t\u00eate. Elles chantent tout en fabriquant des potions de toutes les couleurs. Des animaux chantent avec elles.\" class=\"wp-image-239\" style=\"width:445px;height:445px\" srcset=\"https:\/\/lebazarahistoires.com\/wp-content\/uploads\/2023\/12\/couv_site3.jpg 568w, https:\/\/lebazarahistoires.com\/wp-content\/uploads\/2023\/12\/couv_site3-300x300.jpg 300w, https:\/\/lebazarahistoires.com\/wp-content\/uploads\/2023\/12\/couv_site3-150x150.jpg 150w, https:\/\/lebazarahistoires.com\/wp-content\/uploads\/2023\/12\/couv_site3-100x100.jpg 100w\" sizes=\"auto, (max-width: 568px) 100vw, 568px\" \/><figcaption class=\"wp-element-caption\">Couverture du livre<\/figcaption><\/figure><\/div><p><strong>L&rsquo;histoire:<\/strong> Aurore et Tara sont deux elfes qui veulent colorer leur pays tout gris. Gr\u00e2ce \u00e0 Aurore et \u00e0 son chant, Tara et Crapaud vont concocter pour chaque note de la gamme une potion de couleur \u00e0 r\u00e9pandre dans le ciel&#8230; Vont-ils r\u00e9ussir? <\/p><p>Pour aider les d\u00e9butants en musique, nous avons regroup\u00e9 nos fichiers sons par l\u00e0 : page <a href=\"https:\/\/lebazarahistoires.com\/index.php\/fichiers-sons\/\">fichiers sons<\/a>. Vous y trouverez une version chant\u00e9e, une version instrumentale, et une version fl\u00fbte et chant.<\/p><p>Le spectacle jeune public de l&rsquo;album existe ! C&rsquo;est par <a href=\"https:\/\/lebazarahistoires.com\/index.php\/spectacles\/\" data-type=\"page\" data-id=\"102\">l\u00e0 !<\/a><\/p>","protected":false},"excerpt":{"rendered":"<p>Une histoire autour de la musique, une demande pour un spectacle avec les classes de Formation Musicale et Orchestre Premier Cycle, voil\u00e0 le point de [&#8230;]<\/p>\n","protected":false},"author":2,"featured_media":0,"parent":0,"menu_order":0,"comment_status":"closed","ping_status":"closed","template":"","meta":{"footnotes":""},"class_list":["post-164","page","type-page","status-publish","hentry"],"jetpack_sharing_enabled":true,"_links":{"self":[{"href":"https:\/\/lebazarahistoires.com\/index.php\/wp-json\/wp\/v2\/pages\/164","targetHints":{"allow":["GET"]}}],"collection":[{"href":"https:\/\/lebazarahistoires.com\/index.php\/wp-json\/wp\/v2\/pages"}],"about":[{"href":"https:\/\/lebazarahistoires.com\/index.php\/wp-json\/wp\/v2\/types\/page"}],"author":[{"embeddable":true,"href":"https:\/\/lebazarahistoires.com\/index.php\/wp-json\/wp\/v2\/users\/2"}],"replies":[{"embeddable":true,"href":"https:\/\/lebazarahistoires.com\/index.php\/wp-json\/wp\/v2\/comments?post=164"}],"version-history":[{"count":7,"href":"https:\/\/lebazarahistoires.com\/index.php\/wp-json\/wp\/v2\/pages\/164\/revisions"}],"predecessor-version":[{"id":357,"href":"https:\/\/lebazarahistoires.com\/index.php\/wp-json\/wp\/v2\/pages\/164\/revisions\/357"}],"wp:attachment":[{"href":"https:\/\/lebazarahistoires.com\/index.php\/wp-json\/wp\/v2\/media?parent=164"}],"curies":[{"name":"wp","href":"https:\/\/api.w.org\/{rel}","templated":true}]}}